{"id":247,"date":"2026-03-24T21:41:00","date_gmt":"2026-03-24T20:41:00","guid":{"rendered":"https:\/\/etudiant72.webuco.fr\/?page_id=247"},"modified":"2026-03-25T02:41:31","modified_gmt":"2026-03-25T01:41:31","slug":"info-pratiques","status":"publish","type":"page","link":"https:\/\/etudiant72.webuco.fr\/index.php\/info-pratiques\/","title":{"rendered":"Info pratiques"},"content":{"rendered":"\n<div class=\"gb-element-4ca599bc\">\n<div class=\"gb-element-537a2aba\">\n<h1 class=\"gb-text gb-text-03c0d8e0\">O\u00f9 Manger ?<\/h1>\n\n\n\n<p class=\"gb-text gb-text-e9af29e9\">Le\u00a0Parc Chanot\u00a0est situ\u00e9 \u00e0 proximit\u00e9 de nombreux restaurants et snacks pour tous les go\u00fbts.<br><\/p>\n\n\n\n<p class=\"gb-text gb-text-5efeace6\">Autour du festival, vous trouverez :<br>&#8211; Des fast-foods et snacks rapides<br>&#8211; Des restaurants m\u00e9diterran\u00e9ens<br>&#8211; Des options v\u00e9g\u00e9tariennes et street food<br><\/p>\n\n\n\n<p class=\"gb-text gb-text-bdc8d892\">Sur place, des stands de restauration seront \u00e9galement disponibles pour vous permettre de manger sans quitter l\u2019\u00e9v\u00e9nement.<\/p>\n<\/div>\n\n\n\n<div class=\"gb-element-5e47b4fd\">\n<h1 class=\"gb-text gb-text-74a03676\">O\u00f9 Dormir ? <\/h1>\n\n\n\n<p class=\"gb-text gb-text-9876211c\">Marseille propose un large choix d\u2019h\u00e9bergements \u00e0 proximit\u00e9 du\u00a0Parc Chanot.<br>Vous pouvez choisir entre :<br>H\u00f4tels (du budget au haut de gamme)<br>Airbnb et locations<br>Auberges de jeunesse<br><\/p>\n\n\n\n<p class=\"gb-text gb-text-ae649798\">&#8211;> Nous vous conseillons de r\u00e9server \u00e0 l\u2019avance, surtout en p\u00e9riode de festival.<\/p>\n<\/div>\n\n\n\n<div class=\"gb-element-f166ae5b\">\n<h1 class=\"gb-text gb-text-5847a833\">Covoiturage ? <\/h1>\n\n\n\n<p class=\"gb-text gb-text-336ba3e5\">Pour venir au festival de mani\u00e8re \u00e9conomique et \u00e9cologique, pensez au covoiturage !<br><\/p>\n\n\n\n<p class=\"gb-text gb-text-54cbe2fd\">Des plateformes comme\u00a0BlaBlaCar\u00a0permettent de partager un trajet avec d\u2019autres festivaliers.<br><\/p>\n\n\n\n<p class=\"gb-text gb-text-a9852cfc\">&#8211;> C\u2019est une solution id\u00e9ale pour :<br>-R\u00e9duire les co\u00fbts<br>-Faire des rencontres<br>-Limiter l\u2019impact \u00e9cologique<\/p>\n<\/div>\n<\/div>\n\n\n\n<img loading=\"lazy\" decoding=\"async\" width=\"1536\" height=\"1024\" class=\"gb-media-e50348da\" alt=\"\" title=\"Carte num\u00e9rique de Marseille d\u00e9taill\u00e9e\" src=\"https:\/\/etudiant72.webuco.fr\/wp-content\/uploads\/2026\/03\/Carte-numerique-de-Marseille-detaillee.png\" srcset=\"https:\/\/etudiant72.webuco.fr\/wp-content\/uploads\/2026\/03\/Carte-numerique-de-Marseille-detaillee.png 1536w, https:\/\/etudiant72.webuco.fr\/wp-content\/uploads\/2026\/03\/Carte-numerique-de-Marseille-detaillee-300x200.png 300w, https:\/\/etudiant72.webuco.fr\/wp-content\/uploads\/2026\/03\/Carte-numerique-de-Marseille-detaillee-1024x683.png 1024w, https:\/\/etudiant72.webuco.fr\/wp-content\/uploads\/2026\/03\/Carte-numerique-de-Marseille-detaillee-768x512.png 768w\" sizes=\"auto, (max-width: 1536px) 100vw, 1536px\" \/>\n","protected":false},"excerpt":{"rendered":"<p>O\u00f9 Manger ? Le\u00a0Parc Chanot\u00a0est situ\u00e9 \u00e0 proximit\u00e9 de nombreux restaurants et snacks pour tous les go\u00fbts. Autour du festival, vous trouverez :&#8211; Des fast-foods et snacks rapides&#8211; Des restaurants m\u00e9diterran\u00e9ens&#8211; Des options v\u00e9g\u00e9tariennes et street food Sur place, des stands de restauration seront \u00e9galement disponibles pour vous permettre de manger sans quitter l\u2019\u00e9v\u00e9nement. O\u00f9 &#8230; <a title=\"Info pratiques\" class=\"read-more\" href=\"https:\/\/etudiant72.webuco.fr\/index.php\/info-pratiques\/\" aria-label=\"Read more about Info pratiques\">Read more<\/a><\/p>\n","protected":false},"author":1,"featured_media":0,"parent":0,"menu_order":0,"comment_status":"closed","ping_status":"closed","template":"","meta":{"footnotes":""},"class_list":["post-247","page","type-page","status-publish"],"_links":{"self":[{"href":"https:\/\/etudiant72.webuco.fr\/index.php\/wp-json\/wp\/v2\/pages\/247","targetHints":{"allow":["GET"]}}],"collection":[{"href":"https:\/\/etudiant72.webuco.fr\/index.php\/wp-json\/wp\/v2\/pages"}],"about":[{"href":"https:\/\/etudiant72.webuco.fr\/index.php\/wp-json\/wp\/v2\/types\/page"}],"author":[{"embeddable":true,"href":"https:\/\/etudiant72.webuco.fr\/index.php\/wp-json\/wp\/v2\/users\/1"}],"replies":[{"embeddable":true,"href":"https:\/\/etudiant72.webuco.fr\/index.php\/wp-json\/wp\/v2\/comments?post=247"}],"version-history":[{"count":4,"href":"https:\/\/etudiant72.webuco.fr\/index.php\/wp-json\/wp\/v2\/pages\/247\/revisions"}],"predecessor-version":[{"id":316,"href":"https:\/\/etudiant72.webuco.fr\/index.php\/wp-json\/wp\/v2\/pages\/247\/revisions\/316"}],"wp:attachment":[{"href":"https:\/\/etudiant72.webuco.fr\/index.php\/wp-json\/wp\/v2\/media?parent=247"}],"curies":[{"name":"wp","href":"https:\/\/api.w.org\/{rel}","templated":true}]}}