{"id":468,"date":"2026-04-14T17:12:31","date_gmt":"2026-04-14T15:12:31","guid":{"rendered":"https:\/\/etudiant72.webuco.fr\/?page_id=468"},"modified":"2026-04-14T17:13:10","modified_gmt":"2026-04-14T15:13:10","slug":"ghetto-phenomene","status":"publish","type":"page","link":"https:\/\/etudiant72.webuco.fr\/index.php\/ghetto-phenomene\/","title":{"rendered":"Ghetto Ph\u00e9nom\u00e8ne"},"content":{"rendered":"\n<div class=\"gb-element-4f4c2a02\">\n<div>\n<h1 class=\"gb-text gb-text-c4f23b12\">Ghetto Ph\u00e9nom\u00e8ne<\/h1>\n\n\n\n<p class=\"gb-text gb-text-8b6f6964\">Vendredi<\/p>\n\n\n\n<ul class=\"wp-block-social-links has-icon-color has-icon-background-color is-content-justification-center is-layout-flex wp-container-core-social-links-is-layout-16018d1d wp-block-social-links-is-layout-flex\"><li style=\"color:var(--global-color-11);background-color:var(--global-color-10);\" class=\"wp-social-link wp-social-link-instagram has-global-color-11-color has-global-color-10-background-color wp-block-social-link\"><a href=\"https:\/\/www.instagram.com\/ghettophenomene\/?hl=fr\" class=\"wp-block-social-link-anchor\"><svg width=\"24\" height=\"24\" viewBox=\"0 0 24 24\" version=\"1.1\" xmlns=\"http:\/\/www.w3.org\/2000\/svg\" aria-hidden=\"true\" focusable=\"false\"><path d=\"M12,4.622c2.403,0,2.688,0.009,3.637,0.052c0.877,0.04,1.354,0.187,1.671,0.31c0.42,0.163,0.72,0.358,1.035,0.673 c0.315,0.315,0.51,0.615,0.673,1.035c0.123,0.317,0.27,0.794,0.31,1.671c0.043,0.949,0.052,1.234,0.052,3.637 s-0.009,2.688-0.052,3.637c-0.04,0.877-0.187,1.354-0.31,1.671c-0.163,0.42-0.358,0.72-0.673,1.035 c-0.315,0.315-0.615,0.51-1.035,0.673c-0.317,0.123-0.794,0.27-1.671,0.31c-0.949,0.043-1.233,0.052-3.637,0.052 s-2.688-0.009-3.637-0.052c-0.877-0.04-1.354-0.187-1.671-0.31c-0.42-0.163-0.72-0.358-1.035-0.673 c-0.315-0.315-0.51-0.615-0.673-1.035c-0.123-0.317-0.27-0.794-0.31-1.671C4.631,14.688,4.622,14.403,4.622,12 s0.009-2.688,0.052-3.637c0.04-0.877,0.187-1.354,0.31-1.671c0.163-0.42,0.358-0.72,0.673-1.035 c0.315-0.315,0.615-0.51,1.035-0.673c0.317-0.123,0.794-0.27,1.671-0.31C9.312,4.631,9.597,4.622,12,4.622 M12,3 C9.556,3,9.249,3.01,8.289,3.054C7.331,3.098,6.677,3.25,6.105,3.472C5.513,3.702,5.011,4.01,4.511,4.511 c-0.5,0.5-0.808,1.002-1.038,1.594C3.25,6.677,3.098,7.331,3.054,8.289C3.01,9.249,3,9.556,3,12c0,2.444,0.01,2.751,0.054,3.711 c0.044,0.958,0.196,1.612,0.418,2.185c0.23,0.592,0.538,1.094,1.038,1.594c0.5,0.5,1.002,0.808,1.594,1.038 c0.572,0.222,1.227,0.375,2.185,0.418C9.249,20.99,9.556,21,12,21s2.751-0.01,3.711-0.054c0.958-0.044,1.612-0.196,2.185-0.418 c0.592-0.23,1.094-0.538,1.594-1.038c0.5-0.5,0.808-1.002,1.038-1.594c0.222-0.572,0.375-1.227,0.418-2.185 C20.99,14.751,21,14.444,21,12s-0.01-2.751-0.054-3.711c-0.044-0.958-0.196-1.612-0.418-2.185c-0.23-0.592-0.538-1.094-1.038-1.594 c-0.5-0.5-1.002-0.808-1.594-1.038c-0.572-0.222-1.227-0.375-2.185-0.418C14.751,3.01,14.444,3,12,3L12,3z M12,7.378 c-2.552,0-4.622,2.069-4.622,4.622S9.448,16.622,12,16.622s4.622-2.069,4.622-4.622S14.552,7.378,12,7.378z M12,15 c-1.657,0-3-1.343-3-3s1.343-3,3-3s3,1.343,3,3S13.657,15,12,15z M16.804,6.116c-0.596,0-1.08,0.484-1.08,1.08 s0.484,1.08,1.08,1.08c0.596,0,1.08-0.484,1.08-1.08S17.401,6.116,16.804,6.116z\"><\/path><\/svg><span class=\"wp-block-social-link-label screen-reader-text\">Instagram<\/span><\/a><\/li>\n\n<li style=\"color:var(--global-color-11);background-color:var(--global-color-10);\" class=\"wp-social-link wp-social-link-youtube has-global-color-11-color has-global-color-10-background-color wp-block-social-link\"><a href=\"https:\/\/www.youtube.com\/channel\/UCxdInasNd_7iMd8bfUvFHgw\" class=\"wp-block-social-link-anchor\"><svg width=\"24\" height=\"24\" viewBox=\"0 0 24 24\" version=\"1.1\" xmlns=\"http:\/\/www.w3.org\/2000\/svg\" aria-hidden=\"true\" focusable=\"false\"><path d=\"M21.8,8.001c0,0-0.195-1.378-0.795-1.985c-0.76-0.797-1.613-0.801-2.004-0.847c-2.799-0.202-6.997-0.202-6.997-0.202 h-0.009c0,0-4.198,0-6.997,0.202C4.608,5.216,3.756,5.22,2.995,6.016C2.395,6.623,2.2,8.001,2.2,8.001S2,9.62,2,11.238v1.517 c0,1.618,0.2,3.237,0.2,3.237s0.195,1.378,0.795,1.985c0.761,0.797,1.76,0.771,2.205,0.855c1.6,0.153,6.8,0.201,6.8,0.201 s4.203-0.006,7.001-0.209c0.391-0.047,1.243-0.051,2.004-0.847c0.6-0.607,0.795-1.985,0.795-1.985s0.2-1.618,0.2-3.237v-1.517 C22,9.62,21.8,8.001,21.8,8.001z M9.935,14.594l-0.001-5.62l5.404,2.82L9.935,14.594z\"><\/path><\/svg><span class=\"wp-block-social-link-label screen-reader-text\">YouTube<\/span><\/a><\/li><\/ul>\n<\/div>\n\n\n\n<div class=\"gb-element-82c14ac5\"><\/div>\n<\/div>\n\n\n\n<div class=\"gb-element-c2b597c9\">\n<div>\n<figure class=\"wp-block-embed is-type-rich is-provider-spotify wp-block-embed-spotify wp-embed-aspect-21-9 wp-has-aspect-ratio\"><div class=\"wp-block-embed__wrapper\">\n<iframe title=\"Spotify Embed: Ghetto Ph\u00e9nom\u00e8ne\" style=\"border-radius: 12px\" width=\"100%\" height=\"352\" frameborder=\"0\" allowfullscreen allow=\"autoplay; clipboard-write; encrypted-media; fullscreen; picture-in-picture\" loading=\"lazy\" src=\"https:\/\/open.spotify.com\/embed\/artist\/40fhusTxvAWqq7xKB2rlgf?utm_source=oembed\"><\/iframe>\n<\/div><\/figure>\n<\/div>\n\n\n\n<div>\n<h1 class=\"gb-text gb-text-7e640836\">Ghetto Ph\u00e9nom\u00e8ne<\/h1>\n\n\n\n<p class=\"gb-text gb-text-ff84ddfa\">Ghetto Ph\u00e9nom\u00e8ne est un groupe de rap marseillais connu pour ses sons festifs et ensoleill\u00e9s. Leur musique m\u00e9lange rap et influences pop avec une ambiance estivale, ce qui les rend tr\u00e8s populaires pour des hits l\u00e9gers et entra\u00eenants.<\/p>\n<\/div>\n<\/div>\n\n\n\n<div>\n<figure class=\"wp-block-embed is-type-video is-provider-youtube wp-block-embed-youtube wp-embed-aspect-16-9 wp-has-aspect-ratio\"><div class=\"wp-block-embed__wrapper\">\n<iframe loading=\"lazy\" title=\"Ghetto Ph\u00e9nom\u00e8ne - Maria Maria ft. Jul\" width=\"1200\" height=\"675\" src=\"https:\/\/www.youtube.com\/embed\/dtUF00AGT_U?feature=oembed\" frameborder=\"0\" allow=\"accelerometer; autoplay; clipboard-write; encrypted-media; gyroscope; picture-in-picture; web-share\" referrerpolicy=\"strict-origin-when-cross-origin\" allowfullscreen><\/iframe>\n<\/div><\/figure>\n<\/div>\n","protected":false},"excerpt":{"rendered":"<p>Ghetto Ph\u00e9nom\u00e8ne Vendredi Ghetto Ph\u00e9nom\u00e8ne Ghetto Ph\u00e9nom\u00e8ne est un groupe de rap marseillais connu pour ses sons festifs et ensoleill\u00e9s. Leur musique m\u00e9lange rap et influences pop avec une ambiance estivale, ce qui les rend tr\u00e8s populaires pour des hits l\u00e9gers et entra\u00eenants.<\/p>\n","protected":false},"author":1,"featured_media":0,"parent":0,"menu_order":0,"comment_status":"closed","ping_status":"closed","template":"","meta":{"footnotes":""},"class_list":["post-468","page","type-page","status-publish"],"_links":{"self":[{"href":"https:\/\/etudiant72.webuco.fr\/index.php\/wp-json\/wp\/v2\/pages\/468","targetHints":{"allow":["GET"]}}],"collection":[{"href":"https:\/\/etudiant72.webuco.fr\/index.php\/wp-json\/wp\/v2\/pages"}],"about":[{"href":"https:\/\/etudiant72.webuco.fr\/index.php\/wp-json\/wp\/v2\/types\/page"}],"author":[{"embeddable":true,"href":"https:\/\/etudiant72.webuco.fr\/index.php\/wp-json\/wp\/v2\/users\/1"}],"replies":[{"embeddable":true,"href":"https:\/\/etudiant72.webuco.fr\/index.php\/wp-json\/wp\/v2\/comments?post=468"}],"version-history":[{"count":1,"href":"https:\/\/etudiant72.webuco.fr\/index.php\/wp-json\/wp\/v2\/pages\/468\/revisions"}],"predecessor-version":[{"id":470,"href":"https:\/\/etudiant72.webuco.fr\/index.php\/wp-json\/wp\/v2\/pages\/468\/revisions\/470"}],"wp:attachment":[{"href":"https:\/\/etudiant72.webuco.fr\/index.php\/wp-json\/wp\/v2\/media?parent=468"}],"curies":[{"name":"wp","href":"https:\/\/api.w.org\/{rel}","templated":true}]}}