{"id":9,"date":"2026-01-28T14:39:31","date_gmt":"2026-01-28T13:39:31","guid":{"rendered":"https:\/\/etudiant72.webuco.fr\/?page_id=9"},"modified":"2026-04-28T16:38:58","modified_gmt":"2026-04-28T14:38:58","slug":"acceuil","status":"publish","type":"page","link":"https:\/\/etudiant72.webuco.fr\/","title":{"rendered":"Accueil"},"content":{"rendered":"\n<div class=\"gb-element-6f831f0b alignfull\">\n<div class=\"gb-element-1b21036c\">\n<h1 class=\"gb-text gb-text-5bb238a9\"><strong><strong>UNE LINE-UP 100% MARSEILLAISE <\/strong><\/strong><\/h1>\n\n\n\n<p class=\"gb-text gb-text-7413e07c\"><em>MARSEILLE &#8211; Parc Chanot<\/em><\/p>\n<\/div>\n<\/div>\n\n\n\n<div class=\"gb-element-b86b917e\">\n<div>\n<a href=\"https:\/\/etudiant72.webuco.fr\/index.php\/programmation\/\" target=\"_blank\">\n  <div class=\"image-hover\">\n    <img decoding=\"async\" src=\"https:\/\/etudiant72.webuco.fr\/wp-content\/uploads\/2026\/03\/sch.jpg\" alt=\"Image 1\">\n    <div class=\"overlay\">\n      SCH d\u00e9barque sur sc\u00e8ne avec son univers sombre et cin\u00e9matographique, sa voix grave et son charisme magn\u00e9tique. Figure incontournable du rap fran\u00e7ais, il encha\u00eene les hits et les shows puissants. Un live intense \u00e0 ne surtout pas manquer.\n    <\/div>\n  <\/div>\n<\/a>\n<\/div>\n\n\n\n<div>\n<a href=\"https:\/\/etudiant72.webuco.fr\/index.php\/programmation\/\" target=\"_blank\">\n<div class=\"image-hover\">\n  <img decoding=\"async\" src=\"https:\/\/etudiant72.webuco.fr\/wp-content\/uploads\/2026\/03\/koffs-1.jpeg\" alt=\"Image 2\">\n  <div class=\"overlay\">  Kofs incarne la puissance et l\u2019authenticit\u00e9 du rap marseillais. Flow incisif, textes sans d\u00e9tour et pr\u00e9sence sc\u00e9nique intense : chaque performance est un moment fort. Un show brut et efficace \u00e0 vivre en live.<\/div>\n<\/div>\n<\/a>\n<\/div>\n\n\n\n<div>\n<a href=\"https:\/\/etudiant72.webuco.fr\/index.php\/programmation\/\" target=\"_blank\"><div class=\"image-hover\">\n  <img decoding=\"async\" src=\"https:\/\/etudiant72.webuco.fr\/wp-content\/uploads\/2026\/03\/l-algerino_023074_distrishow_booking_150840213_263285271829420_56057929376643337_n-1.jpg\" alt=\"Image 3\">\n  <div class=\"overlay\"> L\u2019Alg\u00e9rino envoie sur sc\u00e8ne son \u00e9nergie contagieuse et ses tubes qui font danser la foule. Entre rap, influences m\u00e9diterran\u00e9ennes et refrains f\u00e9d\u00e9rateurs, chaque live est une f\u00eate incontournable. Ambiance garantie.<\/div>\n<\/div>\n<\/a>\n<\/div>\n\n\n\n<div>\n<a href=\"https:\/\/etudiant72.webuco.fr\/index.php\/programmation\/\" target=\"_blank\"><div class=\"image-hover\">\n  <img decoding=\"async\" src=\"https:\/\/etudiant72.webuco.fr\/wp-content\/uploads\/2026\/03\/alonzo.jpg\" alt=\"Image 4\">\n  <div class=\"overlay\">Alonzo fait vibrer le rap marseillais avec son flow puissant et ses hits incontournables. Entre \u00e9nergie brute et textes authentiques, il enflamme la sc\u00e8ne et captive le public \u00e0 chaque live. Un show intense \u00e0 ne surtout pas manquer.<\/div>\n<\/div><\/a>\n<\/div>\n\n\n\n<div>\n<a href=\"https:\/\/etudiant72.webuco.fr\/index.php\/programmation\/\" target=\"_blank\"><div class=\"image-hover\">\n  <img decoding=\"async\" src=\"https:\/\/etudiant72.webuco.fr\/wp-content\/uploads\/2026\/03\/soprano.jpeg\" alt=\"Image 5\">\n  <div class=\"overlay\">Soprano \u00e9lectrise la sc\u00e8ne avec son \u00e9nergie communicative et ses tubes qui font danser des g\u00e9n\u00e9rations enti\u00e8res. Entre \u00e9motions et f\u00eate, son live est un moment unique \u00e0 partager. Un show vibrant et inoubliable.<\/div>\n<\/div><\/a>\n<\/div>\n\n\n\n<div>\n<a href=\"https:\/\/etudiant72.webuco.fr\/index.php\/programmation\/\/\" target=\"_blank\"><div class=\"image-hover\">\n  <img decoding=\"async\" src=\"https:\/\/etudiant72.webuco.fr\/wp-content\/uploads\/2026\/03\/jul.jpg\" alt=\"Image 6\">\n  <div class=\"overlay\">JUL est un ph\u00e9nom\u00e8ne incontournable du rap fran\u00e7ais. Avec ses hits f\u00e9d\u00e9rateurs, son \u00e9nergie d\u00e9bordante et sa proximit\u00e9 avec le public, il transforme chaque concert en v\u00e9ritable communion. Ambiance survolt\u00e9e garantie.<\/div>\n<\/div><\/a>\n<\/div>\n\n\n\n<div>\n<a href=\"https:\/\/etudiant72.webuco.fr\/index.php\/programmation\/\" target=\"_blank\"><div class=\"image-hover\">\n  <img decoding=\"async\" src=\"https:\/\/etudiant72.webuco.fr\/wp-content\/uploads\/2026\/03\/1323090827_2765556337712_1222003568_3151935_754279283_n.jpg\" alt=\"Image 7\">\n  <div class=\"overlay\">Ghetto Ph\u00e9nom\u00e8ne fait monter la pression avec un rap percutant et une \u00e9nergie brute. Entre flows incisifs et sonorit\u00e9s modernes, le groupe impose son style et retourne la sc\u00e8ne \u00e0 chaque passage. Un live intense \u00e0 ne pas manquer. <\/div>\n<\/div><\/a>\n<\/div>\n\n\n\n<div>\n<a href=\"https:\/\/etudiant72.webuco.fr\/index.php\/programmation\/\" target=\"_blank\"><div class=\"image-hover\">\n  <img decoding=\"async\" src=\"https:\/\/etudiant72.webuco.fr\/wp-content\/uploads\/2026\/03\/yl.jpg\" alt=\"Image 8\">\n  <div class=\"overlay\">YL s\u2019impose comme une figure montante du rap fran\u00e7ais. Avec ses m\u00e9lodies planantes, ses textes sinc\u00e8res et son univers m\u00e9lancolique, il captive son public et cr\u00e9e une atmosph\u00e8re intense \u00e0 chaque morceau. Une vibe authentique et immersive garantie.<\/div>\n<\/div><\/a>\n<\/div>\n\n\n\n<div>\n<a href=\"https:\/\/etudiant72.webuco.fr\/index.php\/programmation\/\/\" target=\"_blank\"><div class=\"image-hover\">\n  <img decoding=\"async\" src=\"https:\/\/etudiant72.webuco.fr\/wp-content\/uploads\/2026\/03\/le-rat-luciano-prepare-un-nouvel-album-1024x750-1.jpg\" alt=\"Image 9\">\n  <div class=\"overlay\">  Le Rat Luciano fait r\u00e9sonner le rap marseillais avec son flow incisif et son authenticit\u00e9 l\u00e9gendaire. Entre punchlines percutantes et pr\u00e9sence sc\u00e9nique intense, il transforme chaque concert en moment m\u00e9morable. Un live puissant \u00e0 ne pas manquer.<\/div>\n<\/div><\/a>\n<\/div>\n\n\n\n<div>\n<a href=\"https:\/\/etudiant72.webuco.fr\/index.php\/programmation\/\" target=\"_blank\"><div class=\"image-hover\">\n  <img decoding=\"async\" src=\"https:\/\/etudiant72.webuco.fr\/wp-content\/uploads\/2026\/03\/soso-maness.jpg\" alt=\"Image 10\">\n  <div class=\"overlay\">Soso Maness fait vibrer le rap marseillais avec son \u00e9nergie brute et son authenticit\u00e9. Entre punchlines percutantes et refrains f\u00e9d\u00e9rateurs, il enflamme la sc\u00e8ne et le public \u00e0 chaque passage. Un show puissant et sans filtre \u00e0 ne pas rater.<\/div>\n<\/div><\/a>\n<\/div>\n\n\n\n<div>\n<a href=\"https:\/\/etudiant72.webuco.fr\/index.php\/programmation\/\" target=\"_blank\"><div class=\"image-hover\">\n  <img decoding=\"async\" src=\"https:\/\/etudiant72.webuco.fr\/wp-content\/uploads\/2026\/03\/iam.jpeg\" alt=\"Image 11\">\n  <div class=\"overlay\">IAM, l\u00e9gende du rap fran\u00e7ais, traverse les g\u00e9n\u00e9rations avec des textes engag\u00e9s et une identit\u00e9 unique. Port\u00e9 par des classiques intemporels et une \u00e9nergie toujours intacte sur sc\u00e8ne, le groupe promet un concert mythique et f\u00e9d\u00e9rateur. Un moment incontournable du festival.<\/div>\n<\/div><\/a>\n<\/div>\n\n\n\n<div>\n<a href=\"https:\/\/etudiant72.webuco.fr\/index.php\/programmation\/\" target=\"_blank\"><div class=\"image-hover\">\n  <img decoding=\"async\" src=\"https:\/\/etudiant72.webuco.fr\/wp-content\/uploads\/2026\/03\/bande-organisee-.jpg\" alt=\"Image 12\">\n  <div class=\"overlay\">13 organis\u00e9e d\u00e9barque sur sc\u00e8ne avec son \u00e9nergie explosive et ses flows percutants. Entre rimes aiguis\u00e9es et beats enflamm\u00e9s, le collectif encha\u00eene les hits et captive le public. Un live intense et incontournable \u00e0 ne surtout pas manquer.<\/div>\n<\/div><\/a>\n<\/div>\n<\/div>\n\n\n\n<div class=\"gb-element-6fcf2dfe\">\n<a class=\"gb-text gb-text-8b98213c\" href=\"https:\/\/etudiant72.webuco.fr\/index.php\/programmation\/\"><strong>R\u00e9serve d\u00e8s maintenant !<\/strong><\/a>\n<\/div>\n\n\n\n<div class=\"gb-element-4f9ab2d7\">\n<h1 class=\"gb-text gb-text-e666ace5\"><strong>Pr\u00e9pare ton exp\u00e9rience !<\/strong><\/h1>\n\n\n\n<p class=\"gb-text gb-text-35e1e523\">Dates, acc\u00e8s, nourritures, conseils,&#8230; Tout ce qu&#8217;il faut savoir pour profiter \u00e0 fond du festival. <\/p>\n\n\n\n<a class=\"gb-text gb-text-303810e6\"><strong> VOIR LES INFOS PRATIQUES<\/strong><\/a>\n<\/div>\n\n\n\n<div class=\"wp-block-cover is-light\"><video class=\"wp-block-cover__video-background intrinsic-ignore\" autoplay muted loop playsinline src=\"https:\/\/etudiant72.webuco.fr\/wp-content\/uploads\/2026\/03\/11999035_1920_1080_25fps.mp4\" style=\"object-position:51% 50%\" data-object-fit=\"cover\" data-object-position=\"51% 50%\"><\/video><span aria-hidden=\"true\" class=\"wp-block-cover__background has-background-dim-0 has-background-dim\" style=\"background-color:#FFF\"><\/span><div class=\"wp-block-cover__inner-container is-layout-constrained wp-block-cover-is-layout-constrained\">\n<h1 class=\"gb-text gb-text-1c3ab0cb\">Marseille fait du bruit, le rap fait la loi !<\/h1>\n<\/div><\/div>\n","protected":false},"excerpt":{"rendered":"<p>UNE LINE-UP 100% MARSEILLAISE MARSEILLE &#8211; Parc Chanot SCH d\u00e9barque sur sc\u00e8ne avec son univers sombre et cin\u00e9matographique, sa voix grave et son charisme magn\u00e9tique. Figure incontournable du rap fran\u00e7ais, il encha\u00eene les hits et les shows puissants. Un live intense \u00e0 ne surtout pas manquer. Kofs incarne la puissance et l\u2019authenticit\u00e9 du rap marseillais. &#8230; <a title=\"Accueil\" class=\"read-more\" href=\"https:\/\/etudiant72.webuco.fr\/\" aria-label=\"Read more about Accueil\">Read more<\/a><\/p>\n","protected":false},"author":1,"featured_media":0,"parent":0,"menu_order":0,"comment_status":"closed","ping_status":"closed","template":"","meta":{"footnotes":""},"class_list":["post-9","page","type-page","status-publish"],"_links":{"self":[{"href":"https:\/\/etudiant72.webuco.fr\/index.php\/wp-json\/wp\/v2\/pages\/9","targetHints":{"allow":["GET"]}}],"collection":[{"href":"https:\/\/etudiant72.webuco.fr\/index.php\/wp-json\/wp\/v2\/pages"}],"about":[{"href":"https:\/\/etudiant72.webuco.fr\/index.php\/wp-json\/wp\/v2\/types\/page"}],"author":[{"embeddable":true,"href":"https:\/\/etudiant72.webuco.fr\/index.php\/wp-json\/wp\/v2\/users\/1"}],"replies":[{"embeddable":true,"href":"https:\/\/etudiant72.webuco.fr\/index.php\/wp-json\/wp\/v2\/comments?post=9"}],"version-history":[{"count":56,"href":"https:\/\/etudiant72.webuco.fr\/index.php\/wp-json\/wp\/v2\/pages\/9\/revisions"}],"predecessor-version":[{"id":530,"href":"https:\/\/etudiant72.webuco.fr\/index.php\/wp-json\/wp\/v2\/pages\/9\/revisions\/530"}],"wp:attachment":[{"href":"https:\/\/etudiant72.webuco.fr\/index.php\/wp-json\/wp\/v2\/media?parent=9"}],"curies":[{"name":"wp","href":"https:\/\/api.w.org\/{rel}","templated":true}]}}